{"id":280,"date":"2025-10-09T06:40:58","date_gmt":"2025-10-09T06:40:58","guid":{"rendered":"https:\/\/test.wordpress.numerique-esr.fr\/test\/?page_id=280"},"modified":"2025-10-10T11:37:02","modified_gmt":"2025-10-10T11:37:02","slug":"esup-pod","status":"publish","type":"page","link":"https:\/\/test.wordpress.numerique-esr.fr\/test\/index.php\/esup-pod\/","title":{"rendered":"depuis esup-pod"},"content":{"rendered":"\n<h1>Depuis la plateforme Esup-Pod<\/h1>\n\n<h2>La plateforme Esup-Pod<\/h2>\n\n<p>\nEsup-Pod est une plateforme de gestion de vid\u00e9o qui permet de \n<strong>faire de la vid\u00e9o \u00e0 la demande<\/strong> (VOD), \n<strong>du direct et de g\u00e9rer ses r\u00e9unions<\/strong> via la solution BigBlueButton.\n<\/p>\n\n<p>\nLe projet et la plateforme \u00e9ponyme sont orient\u00e9s vers les usagers de nos \u00e9tablissements en permettant la \n<strong>publication de vid\u00e9os en direct ou en VOD dans les domaines de la recherche<\/strong> (valorisation de plateformes, &#8230;), \n<strong>la formation<\/strong> (tutoriels, formation \u00e0 distance, rendus \u00e9tudiants &#8230;), \n<strong>la vie institutionnelle<\/strong> (vid\u00e9o d\u2018\u00e9v\u00e9nements) proposant ainsi plusieurs jours de contenu.\n<\/p>\n\n<p>\nPr\u00e9sent\u00e9e comme le \u00ab\u00a0Youtube universitaire\u00a0\u00bb, elle propose tout un ensemble de fonctionnalit\u00e9s autour de la vid\u00e9o comme le sous-titrage, l\u2019indexation et l\u2019enrichissement, \nautour du direct comme la planification et le sous-titrage et enfin autour des web-conf\u00e9rences via BigBlueButton.\n<\/p>\n\n<p>\n<a href=\"https:\/\/www.enseignementsup-recherche.gouv.fr\/fr\/esup-pod-plateforme-de-gestion-de-video-90260\" target=\"_blank\" rel=\"noopener\">\n\ud83d\udc49 En savoir plus sur la plateforme Esup-Pod\n<\/a>\n<\/p>\n\n<h2>Webconf\u00e9rence via BigBlueButton<\/h2>\n\n<p>Concernant l\u2019usage de BigBlueButton, via cette plateforme, vous pouvez :<\/p>\n\n<ul>\n  <li>Pr\u00e9parer en amont une web-conf\u00e9rence et en programmer la date et l\u2019heure, choisir qui peut y participer et inviter les participants directement ou r\u00e9cup\u00e9rer un lien d\u2019invitation \u00e0 envoyer ;<\/li>\n  <li>Enregistrer votre web conf\u00e9rence et d\u00e9poser son enregistrement dans Esup-Pod (disponible en version 3.1 de Esup-Pod) ;<\/li>\n  <li>T\u00e9l\u00e9verser dans l\u2019application les supports de pr\u00e9sentation au format PDF afin qu\u2019ils soient automatiquement disponibles dans la classe virtuelle d\u00e8s l\u2019ouverture de la classe BBB (disponible en version 3.2 de Esup-Pod) ;<\/li>\n  <li>Passer en mode webinaire votre classe virtuelle (disponible en version 3.2 de Esup-Pod).<\/li>\n<\/ul>\n\n<div style=\"border-left:4px solid #3b82f6; padding:12px; background:#f0f8ff; margin:16px 0;\">\n  <strong>\ud83d\udca1 Info :<\/strong> Pour installer les classes virtuelles BBB sur Moodle, \n  <strong>contactez la DSI de votre \u00e9tablissement<\/strong> pour qu&rsquo;elle demande des identifiants de connexion \u00e0 l&rsquo;\u00e9quipe technique de France Universit\u00e9 Num\u00e9rique.\n<\/div>\n\n<h2>Param\u00e9trer et programmer une r\u00e9union BBB sur Pod<\/h2>\n\n<p>\nSuite au d\u00e9ploiement de la version 3 de Pod, il est maintenant possible de cr\u00e9er une r\u00e9union BigBlueButton (BBB) directement depuis la plateforme.\n<\/p>\n\n<p>\nPar le biais de ce tutoriel, vous d\u00e9couvrirez comment \n<strong>cr\u00e9er, param\u00e9trer et g\u00e9rer une r\u00e9union BBB<\/strong>.\n<\/p>\n\n<ol>\n  <li>Connectez-vous au Pod de votre \u00e9tablissement<\/li>\n  <li>Cliquez sur <code>Mes r\u00e9unions<\/code><\/li>\n<\/ol>\n\n<p><img decoding=\"async\" src=\"\/test\/wp-content\/uploads\/2025\/10\/1_1_mes_reunions.jpg\" alt=\"Mes r\u00e9unions\"><\/p>\n\n<ol start=\"3\">\n  <li>Cliquez sur <code>Ajouter une r\u00e9union<\/code><\/li>\n<\/ol>\n\n<p><img decoding=\"async\" src=\"\/test\/wp-content\/uploads\/2025\/10\/1_2_ajouter_reunion.jpg\" alt=\"Ajouter une r\u00e9union\"><\/p>\n\n<ol start=\"4\">\n  <li>Renseignez les param\u00e8tres de votre r\u00e9union BBB<\/li>\n<\/ol>\n\n<p>\nIl vous est demand\u00e9 de d\u00e9finir obligatoirement un <code>nom<\/code>, un <code>mot de passe<\/code> \net une <code>date de d\u00e9but<\/code> et <code>de fin<\/code> de r\u00e9union.\n<\/p>\n\n<p>\nVous pouvez ajouter un ou plusieurs <code>propri\u00e9taires additionnels<\/code> : un r\u00f4le de mod\u00e9rateur leur est alors attribu\u00e9.\n<\/p>\n\n<p>\nEn cochant <code>Acc\u00e8s restreint<\/code>, vous forcez les utilisateurs \u00e0 s&rsquo;authentifier avant de rejoindre la r\u00e9union. \nVous pouvez aussi restreindre cet acc\u00e8s \u00e0 un groupe d&rsquo;utilisateurs.\n<\/p>\n\n<p><img decoding=\"async\" src=\"\/test\/wp-content\/uploads\/2025\/10\/1_3_parametres_reunion.png\" alt=\"Param\u00e8tres r\u00e9union\"><\/p>\n\n<ol start=\"5\">\n  <li><code>Options avanc\u00e9es<\/code><\/li>\n<\/ol>\n\n<p>\nEn cliquant sur <code>Options avanc\u00e9es<\/code>, vous pouvez affiner les param\u00e8tres de votre r\u00e9union : \n<code>nombre maximum de participants<\/code>, <code>message affich\u00e9<\/code>, ou encore \n<code>redirection automatique<\/code> \u00e0 la fin de la r\u00e9union.\n<\/p>\n\n<p><img decoding=\"async\" src=\"\/test\/wp-content\/uploads\/2025\/10\/1_4_options_avancees.png\" alt=\"Options avanc\u00e9es\"><\/p>\n\n<p>\nVous pouvez aussi activer l&rsquo;enregistrement de la r\u00e9union, restreindre l&rsquo;utilisation des webcams, \nde l&rsquo;audio, des discussions, de la prise de note et du partage d&rsquo;\u00e9cran.\n<\/p>\n\n<p><img decoding=\"async\" src=\"\/test\/wp-content\/uploads\/2025\/10\/1_5_options_avancees_2.png\" alt=\"Options avanc\u00e9es 2\"><\/p>\n\n<ol start=\"6\">\n  <li>Sauvegardez votre r\u00e9union<\/li>\n<\/ol>\n\n<p><img decoding=\"async\" src=\"\/test\/wp-content\/uploads\/2025\/10\/1_6_sauvegarder.png\" alt=\"Sauvegarder\"><\/p>\n\n<h4>Votre r\u00e9union est bien planifi\u00e9e sur la plateforme \ud83c\udf89<\/h4>\n\n<p>\nVous pouvez d\u00e9marrer celle-ci en cliquant directement sur <code>D\u00e9marrer la r\u00e9union<\/code>.\n<\/p>\n\n<p><img decoding=\"async\" src=\"\/test\/wp-content\/uploads\/2025\/10\/1_7_liste.png\" alt=\"Liste des r\u00e9unions\"><\/p>\n\n<div style=\"border-left:4px solid #16a34a; padding:12px; background:#ecfdf5; margin:16px 0;\">\n  <strong>\u2705 Astuce :<\/strong> Dans le bloc lat\u00e9ral de droite, vous avez la possibilit\u00e9 d&rsquo;afficher uniquement les \n  <strong>r\u00e9unions actives<\/strong> ou l&rsquo;<strong>historique complet<\/strong> de vos r\u00e9unions.\n  <br>\n  <img decoding=\"async\" src=\"\/test\/wp-content\/uploads\/2025\/10\/1_8_filtres.png\" alt=\"Filtres r\u00e9unions\">\n<\/div>\n\n<p>\nVotre classe est cr\u00e9\u00e9e et programm\u00e9e \ud83c\udf89 Vous pouvez d\u00e9sormais vous rendre \u00e0 la rubrique : \n<a href=\"..\/294-2\/\">Animer votre classe virtuelle<\/a>.\n<\/p>\n\n<p>\nCe tutoriel d&rsquo;installation a \u00e9t\u00e9 r\u00e9alis\u00e9 par l&rsquo;Universit\u00e9 de Lille. Il comprend \u00e9galement des conseils pour g\u00e9rer et animer une classe BigBlueButton. \nRetrouvez le guide complet en version web et PDF \u00e0 partir du lien suivant :\n<\/p>\n\n<p>\n<a href=\"https:\/\/infotuto.univ-lille.fr\/fiche\/creer-reunion-bbb-pod\" target=\"_blank\" rel=\"noopener\">\n\ud83d\udc49 Guide complet &#8211; Universit\u00e9 de Lille\n<\/a>\n<\/p>\n","protected":false},"excerpt":{"rendered":"<p>Depuis la plateforme Esup-Pod La plateforme Esup-Pod Esup-Pod est une plateforme de gestion de vid\u00e9o qui permet de faire de la vid\u00e9o \u00e0 la demande (VOD), du direct et de g\u00e9rer ses r\u00e9unions via la solution BigBlueButton. Le projet et la plateforme \u00e9ponyme sont orient\u00e9s vers les usagers de nos \u00e9tablissements en permettant la publication de vid\u00e9os en direct ou en VOD dans les domaines de la recherche (valorisation de plateformes, &#8230;), la formation (tutoriels, formation \u00e0 distance, rendus \u00e9tudiants [&#8230;]<\/p>\n<p><a class=\"btn btn-secondary understrap-read-more-link\" href=\"https:\/\/test.wordpress.numerique-esr.fr\/test\/index.php\/esup-pod\/\">Lire la suite\u2026<span class=\"screen-reader-text\"> from depuis esup-pod<\/span><\/a><\/p>\n","protected":false},"author":1,"featured_media":0,"parent":0,"menu_order":0,"comment_status":"closed","ping_status":"closed","template":"page-documentation.php","meta":{"footnotes":""},"class_list":["post-280","page","type-page","status-publish","hentry"],"_links":{"self":[{"href":"https:\/\/test.wordpress.numerique-esr.fr\/test\/index.php\/wp-json\/wp\/v2\/pages\/280","targetHints":{"allow":["GET"]}}],"collection":[{"href":"https:\/\/test.wordpress.numerique-esr.fr\/test\/index.php\/wp-json\/wp\/v2\/pages"}],"about":[{"href":"https:\/\/test.wordpress.numerique-esr.fr\/test\/index.php\/wp-json\/wp\/v2\/types\/page"}],"author":[{"embeddable":true,"href":"https:\/\/test.wordpress.numerique-esr.fr\/test\/index.php\/wp-json\/wp\/v2\/users\/1"}],"replies":[{"embeddable":true,"href":"https:\/\/test.wordpress.numerique-esr.fr\/test\/index.php\/wp-json\/wp\/v2\/comments?post=280"}],"version-history":[{"count":6,"href":"https:\/\/test.wordpress.numerique-esr.fr\/test\/index.php\/wp-json\/wp\/v2\/pages\/280\/revisions"}],"predecessor-version":[{"id":379,"href":"https:\/\/test.wordpress.numerique-esr.fr\/test\/index.php\/wp-json\/wp\/v2\/pages\/280\/revisions\/379"}],"wp:attachment":[{"href":"https:\/\/test.wordpress.numerique-esr.fr\/test\/index.php\/wp-json\/wp\/v2\/media?parent=280"}],"curies":[{"name":"wp","href":"https:\/\/api.w.org\/{rel}","templated":true}]}}