{"id":284,"date":"2025-10-09T06:45:34","date_gmt":"2025-10-09T06:45:34","guid":{"rendered":"https:\/\/test.wordpress.numerique-esr.fr\/test\/?page_id=284"},"modified":"2025-10-10T11:34:00","modified_gmt":"2025-10-10T11:34:00","slug":"284-2","status":"publish","type":"page","link":"https:\/\/test.wordpress.numerique-esr.fr\/test\/index.php\/284-2\/","title":{"rendered":"1"},"content":{"rendered":"\n<h1>\u2795 1. Cr\u00e9er une classe virtuelle<\/h1>\n\n<p><em>Sur quelle plateforme souhaitez-vous cr\u00e9er vos classes virtuelles&nbsp;?<\/em><\/p>\n\n<div style=\"display: grid; grid-template-columns: repeat(auto-fit, minmax(250px, 1fr)); gap: 20px; margin-top: 20px;\">\n\n  <!-- Moodle -->\n  <a href=\"..\/301-2\/\" style=\"text-decoration: none; color: inherit;\">\n    <div style=\"border: 1px solid #e5e7eb; border-radius: 12px; box-shadow: 0 2px 5px rgba(0,0,0,0.05); padding: 16px; text-align: center; transition: all 0.3s ease;\">\n      <img decoding=\"async\" src=\"\/test\/wp-content\/uploads\/2025\/10\/moodle-grey.png\" alt=\"Moodle\" style=\"max-width: 120px; height: auto; margin-bottom: 12px;\">\n      <h3 style=\"margin: 8px 0;\">Depuis le Moodle de votre \u00e9tablissement<\/h3>\n    <\/div>\n  <\/a>\n\n  <!-- Esup-Pod -->\n  <a href=\"..\/esup-pod\/\" style=\"text-decoration: none; color: inherit;\">\n    <div style=\"border: 1px solid #e5e7eb; border-radius: 12px; box-shadow: 0 2px 5px rgba(0,0,0,0.05); padding: 16px; text-align: center; transition: all 0.3s ease;\">\n      <img decoding=\"async\" src=\"\/test\/wp-content\/uploads\/2025\/10\/esup-pod.svg\" alt=\"Esup-Pod\" style=\"max-width: 120px; height: auto; margin-bottom: 12px;\">\n      <h3 style=\"margin: 8px 0;\">Depuis la plateforme Esup-Pod<\/h3>\n    <\/div>\n  <\/a>\n\n  <!-- Portail national -->\n  <a href=\"..\/304-2\/\" style=\"text-decoration: none; color: inherit;\">\n    <div style=\"border: 1px solid #e5e7eb; border-radius: 12px; box-shadow: 0 2px 5px rgba(0,0,0,0.05); padding: 16px; text-align: center; transition: all 0.3s ease;\">\n      <img decoding=\"async\" src=\"\/test\/wp-content\/uploads\/2025\/10\/vignette-login-marsha-shots.png\" alt=\"Portail national\" style=\"max-width: 120px; height: auto; margin-bottom: 12px;\">\n      <h3 style=\"margin: 8px 0;\">Depuis le portail national<\/h3>\n    <\/div>\n  <\/a>\n\n  <!-- FUN -->\n  <a href=\"..\/307-2\/\" style=\"text-decoration: none; color: inherit;\">\n    <div style=\"border: 1px solid #e5e7eb; border-radius: 12px; box-shadow: 0 2px 5px rgba(0,0,0,0.05); padding: 16px; text-align: center; transition: all 0.3s ease;\">\n      <img decoding=\"async\" src=\"\/test\/wp-content\/uploads\/2025\/10\/fun-mooc.white_.png\" alt=\"Plateformes FUN\" style=\"max-width: 120px; height: auto; margin-bottom: 12px;\">\n      <h3 style=\"margin: 8px 0;\">Depuis les plateformes FUN<\/h3>\n    <\/div>\n  <\/a>\n\n<\/div>\n\n\n\n<p><\/p>\n","protected":false},"excerpt":{"rendered":"<p>\u2795 1. Cr\u00e9er une classe virtuelle Sur quelle plateforme souhaitez-vous cr\u00e9er vos classes virtuelles&nbsp;? Depuis le Moodle de votre \u00e9tablissement Depuis la plateforme Esup-Pod Depuis le portail national Depuis les plateformes FUN [&#8230;]<\/p>\n<p><a class=\"btn btn-secondary understrap-read-more-link\" href=\"https:\/\/test.wordpress.numerique-esr.fr\/test\/index.php\/284-2\/\">Lire la suite\u2026<span class=\"screen-reader-text\"> from 1<\/span><\/a><\/p>\n","protected":false},"author":1,"featured_media":0,"parent":0,"menu_order":0,"comment_status":"closed","ping_status":"closed","template":"page-documentation.php","meta":{"footnotes":""},"class_list":["post-284","page","type-page","status-publish","hentry"],"_links":{"self":[{"href":"https:\/\/test.wordpress.numerique-esr.fr\/test\/index.php\/wp-json\/wp\/v2\/pages\/284","targetHints":{"allow":["GET"]}}],"collection":[{"href":"https:\/\/test.wordpress.numerique-esr.fr\/test\/index.php\/wp-json\/wp\/v2\/pages"}],"about":[{"href":"https:\/\/test.wordpress.numerique-esr.fr\/test\/index.php\/wp-json\/wp\/v2\/types\/page"}],"author":[{"embeddable":true,"href":"https:\/\/test.wordpress.numerique-esr.fr\/test\/index.php\/wp-json\/wp\/v2\/users\/1"}],"replies":[{"embeddable":true,"href":"https:\/\/test.wordpress.numerique-esr.fr\/test\/index.php\/wp-json\/wp\/v2\/comments?post=284"}],"version-history":[{"count":16,"href":"https:\/\/test.wordpress.numerique-esr.fr\/test\/index.php\/wp-json\/wp\/v2\/pages\/284\/revisions"}],"predecessor-version":[{"id":373,"href":"https:\/\/test.wordpress.numerique-esr.fr\/test\/index.php\/wp-json\/wp\/v2\/pages\/284\/revisions\/373"}],"wp:attachment":[{"href":"https:\/\/test.wordpress.numerique-esr.fr\/test\/index.php\/wp-json\/wp\/v2\/media?parent=284"}],"curies":[{"name":"wp","href":"https:\/\/api.w.org\/{rel}","templated":true}]}}