{"id":291,"date":"2025-10-09T06:49:30","date_gmt":"2025-10-09T06:49:30","guid":{"rendered":"https:\/\/test.wordpress.numerique-esr.fr\/test\/?page_id=291"},"modified":"2025-10-10T11:35:39","modified_gmt":"2025-10-10T11:35:39","slug":"291-2","status":"publish","type":"page","link":"https:\/\/test.wordpress.numerique-esr.fr\/test\/index.php\/291-2\/","title":{"rendered":"3"},"content":{"rendered":"\n<h1>\ud83d\ude80 3. Lancer la classe virtuelle<\/h1>\n\n<div style=\"border-left:4px solid #3b82f6; padding:12px; background:#f0f8ff; margin:16px 0;\">\n  <strong>\ud83d\udca1 Info :<\/strong> Cette \u00e9tape concerne l&rsquo;utilisation de classes virtuelles depuis Moodle en LTI, ainsi que sur le portail national et les plateformes FUN.\n  <ul style=\"margin-top:8px;\">\n    <li>\n      Pour des conseils d&rsquo;utilisation sur le plugin BBB, rendez-vous sur l&rsquo;onglet d\u00e9di\u00e9 dans la rubrique <strong>Cr\u00e9er une classe virtuelle<\/strong> :\n      <a href=\"..\/301-2\/\">\n        Ajouter et param\u00e9trer une nouvelle classe BigBlueButton\n      <\/a>\n    <\/li>\n    <li>\n      Pour un guide d&rsquo;utilisation sur la plateforme Esup-Pod, contactez le service informatique de votre universit\u00e9, \n      rendez-vous sur \n      <a href=\"..\/esup-pod\/\">\n        Param\u00e9trer et programmer une r\u00e9union BBB sur Pod\n      <\/a>\n    <\/li>\n  <\/ul>\n<\/div>\n\n<p>\n\u00c0 l&rsquo;heure convenue, cliquez sur <strong>Lancer la classe virtuelle maintenant dans BBB<\/strong>.\n<\/p>\n\n<p><img decoding=\"async\" src=\"\/test\/wp-content\/uploads\/2025\/10\/lancer-classe.png\" alt=\"Lancer la classe virtuelle\" style=\"max-width:100%; height:auto;\"><\/p>\n\n<p>Saisissez votre nom tel que vous souhaitez qu&rsquo;il apparaisse dans la salle :<\/p>\n\n<p><img decoding=\"async\" src=\"\/test\/wp-content\/uploads\/2025\/10\/marsha-bbb-username.gif\" alt=\"Nom utilisateur BBB\" style=\"max-width:100%; height:auto;\"><\/p>\n\n<div style=\"border-left:4px solid #16a34a; padding:12px; background:#ecfdf5; margin:16px 0;\">\n  <strong>\u2705 Astuce :<\/strong> Si vous vous connectez depuis le portail national, votre nom sera automatiquement d\u00e9tect\u00e9 en entrant dans la salle.\n<\/div>\n\n<p>\nUne fois la salle lanc\u00e9e dans un nouvel onglet, trois compteurs vous sont propos\u00e9s sur le composant :\n<\/p>\n\n<ul>\n  <li><strong>Mod\u00e9rateurs<\/strong> : les membres de l&rsquo;\u00e9quipe p\u00e9dagogique connect\u00e9s \u00e0 la classe virtuelle<\/li>\n  <li><strong>Participants<\/strong> : les personnes qui ont activ\u00e9 leur microphone<\/li>\n  <li><strong>Auditeurs<\/strong> : les personnes dans la salle qui ont choisi le mode <code>\u00c9coute seule<\/code><\/li>\n<\/ul>\n\n<p><img decoding=\"async\" src=\"\/test\/wp-content\/uploads\/2025\/10\/marsha-lancer-statuts.png\" alt=\"Statuts des participants\" style=\"max-width:100%; height:auto;\"><\/p>\n\n<details style=\"margin-top:20px; border:1px solid #e5e7eb; border-radius:8px; padding:12px;\">\n  <summary style=\"cursor:pointer; font-weight:600;\">\n    \u26a0 Pour une utilisation sur les plateformes FUN (Open edX)\n  <\/summary>\n\n  <p style=\"margin-top:12px;\">\n  Sur les plateformes FUN (Open edX), l&rsquo;acc\u00e8s LTI est partag\u00e9 entre tous les membres de l&rsquo;\u00e9quipe p\u00e9dagogique. \n  Cela signifie que si plusieurs personnes participent comme mod\u00e9rateurs, il leur faut \n  <strong>rejoindre la classe virtuelle depuis le LMS et non depuis le Studio<\/strong>.\n  <\/p>\n\n  <p>Pour cela, il suffit de :<\/p>\n\n  <ul>\n    <li>\n      Cliquer sur <code>Aper\u00e7u r\u00e9el<\/code> \n      <img decoding=\"async\" src=\"\/test\/wp-content\/uploads\/2025\/10\/lancer-edx-apercu-reel.png\" alt=\"Aper\u00e7u r\u00e9el\" style=\"height:1em; vertical-align:middle;\">\n    <\/li>\n    <li>\n      Puis <code>Rejoindre la classe virtuelle<\/code> \n      <img decoding=\"async\" src=\"\/test\/wp-content\/uploads\/2025\/10\/lancer-rejoindre.png\" alt=\"Rejoindre\" style=\"height:1em; vertical-align:middle;\">\n    <\/li>\n  <\/ul>\n\n  <p>\n  Il est \u00e9galement possible de rejoindre la salle en utilisant le lien d&rsquo;invitation pour les mod\u00e9rateurs (voir image ci-dessus).\n  <\/p>\n<\/details>\n","protected":false},"excerpt":{"rendered":"<p>\ud83d\ude80 3. Lancer la classe virtuelle \ud83d\udca1 Info : Cette \u00e9tape concerne l&rsquo;utilisation de classes virtuelles depuis Moodle en LTI, ainsi que sur le portail national et les plateformes FUN. Pour des conseils d&rsquo;utilisation sur le plugin BBB, rendez-vous sur l&rsquo;onglet d\u00e9di\u00e9 dans la rubrique Cr\u00e9er une classe virtuelle : Ajouter et param\u00e9trer une nouvelle classe BigBlueButton Pour un guide d&rsquo;utilisation sur la plateforme Esup-Pod, contactez le service informatique de votre universit\u00e9, rendez-vous sur Param\u00e9trer et programmer une r\u00e9union BBB [&#8230;]<\/p>\n<p><a class=\"btn btn-secondary understrap-read-more-link\" href=\"https:\/\/test.wordpress.numerique-esr.fr\/test\/index.php\/291-2\/\">Lire la suite\u2026<span class=\"screen-reader-text\"> from 3<\/span><\/a><\/p>\n","protected":false},"author":1,"featured_media":0,"parent":0,"menu_order":0,"comment_status":"closed","ping_status":"closed","template":"page-documentation.php","meta":{"footnotes":""},"class_list":["post-291","page","type-page","status-publish","hentry"],"_links":{"self":[{"href":"https:\/\/test.wordpress.numerique-esr.fr\/test\/index.php\/wp-json\/wp\/v2\/pages\/291","targetHints":{"allow":["GET"]}}],"collection":[{"href":"https:\/\/test.wordpress.numerique-esr.fr\/test\/index.php\/wp-json\/wp\/v2\/pages"}],"about":[{"href":"https:\/\/test.wordpress.numerique-esr.fr\/test\/index.php\/wp-json\/wp\/v2\/types\/page"}],"author":[{"embeddable":true,"href":"https:\/\/test.wordpress.numerique-esr.fr\/test\/index.php\/wp-json\/wp\/v2\/users\/1"}],"replies":[{"embeddable":true,"href":"https:\/\/test.wordpress.numerique-esr.fr\/test\/index.php\/wp-json\/wp\/v2\/comments?post=291"}],"version-history":[{"count":5,"href":"https:\/\/test.wordpress.numerique-esr.fr\/test\/index.php\/wp-json\/wp\/v2\/pages\/291\/revisions"}],"predecessor-version":[{"id":375,"href":"https:\/\/test.wordpress.numerique-esr.fr\/test\/index.php\/wp-json\/wp\/v2\/pages\/291\/revisions\/375"}],"wp:attachment":[{"href":"https:\/\/test.wordpress.numerique-esr.fr\/test\/index.php\/wp-json\/wp\/v2\/media?parent=291"}],"curies":[{"name":"wp","href":"https:\/\/api.w.org\/{rel}","templated":true}]}}