{"id":297,"date":"2025-10-09T06:56:02","date_gmt":"2025-10-09T06:56:02","guid":{"rendered":"https:\/\/test.wordpress.numerique-esr.fr\/test\/?page_id=297"},"modified":"2025-10-10T11:36:28","modified_gmt":"2025-10-10T11:36:28","slug":"297-2","status":"publish","type":"page","link":"https:\/\/test.wordpress.numerique-esr.fr\/test\/index.php\/297-2\/","title":{"rendered":"5"},"content":{"rendered":"\n<h1>\u23f9 5. Mettre fin \u00e0 la classe virtuelle<\/h1>\n\n<div style=\"border-left:4px solid #3b82f6; padding:12px; background:#f0f8ff; margin:16px 0;\">\n  <strong>\ud83d\udca1 Info :<\/strong> Cette \u00e9tape concerne l&rsquo;utilisation de classes virtuelles depuis Moodle en LTI, ainsi que sur le portail national et les plateformes FUN.\n  <ul style=\"margin-top:8px;\">\n    <li>\n      Pour des conseils d&rsquo;utilisation sur le plugin BBB, rendez-vous sur l&rsquo;onglet d\u00e9di\u00e9 dans la rubrique <strong>Cr\u00e9er une classe virtuelle<\/strong> :\n      <a href=\"..\/301-2\/#ajouter-et-param\u00e9trer-une-nouvelle-classe-bigbluebutton\">\n        Ajouter et param\u00e9trer une nouvelle classe BigBlueButton\n      <\/a>\n    <\/li>\n    <li>\n      Pour un guide d&rsquo;utilisation sur la plateforme Esup-Pod, contactez le service informatique de votre universit\u00e9, \n      rendez-vous sur \n      <a href=\"..\/esup-pod\/#param\u00e9trer-et-programmer-une-r\u00e9union-bbb-sur-pod\">\n        Param\u00e9trer et programmer une r\u00e9union BBB sur Pod\n      <\/a>\n    <\/li>\n  <\/ul>\n<\/div>\n\n<p>\nUne fois que la classe virtuelle est termin\u00e9e, retournez sur l&rsquo;interface depuis laquelle vous l&rsquo;avez lanc\u00e9e.\n<\/p>\n\n<p>\nAvant d&rsquo;aller plus loin, nous vous recommandons de lire l&rsquo;encart ci-dessous :\n<\/p>\n\n<div style=\"border-left:4px solid #dc2626; padding:12px; background:#fef2f2; margin:16px 0;\">\n  <strong>\u26a0\ufe0f Attention :<\/strong> Sauvegardez toutes les donn\u00e9es que vous souhaitez conserver avant de mettre fin \u00e0 la classe virtuelle, car celle-ci sera r\u00e9initialis\u00e9e.  \n  <br><br>\n  Vous pouvez conserver les \u00e9l\u00e9ments suivants :\n  <ul style=\"margin-top:8px;\">\n    <li>Tableau de bord d&rsquo;activit\u00e9 des participants<\/li>\n    <li>Liste des participants<\/li>\n    <li>Notes partag\u00e9es<\/li>\n    <li>Discussion publique<\/li>\n    <li>Captures des annotations sur les supports de pr\u00e9sentation<\/li>\n  <\/ul>\n  <p>L&rsquo;enregistrement sera en revanche automatiquement r\u00e9cup\u00e9r\u00e9 \u00e0 la fin de la session.<\/p>\n<\/div>\n\n<h2>Mettre fin \u00e0 la classe virtuelle<\/h2>\n\n<p>\nLorsque vous souhaitez terminer la classe, cliquez sur le bouton \n<code>Mettre fin \u00e0 la classe virtuelle<\/code>.\n<\/p>\n\n<p><img decoding=\"async\" src=\"\/test\/wp-content\/uploads\/2025\/10\/terminer-classe.png\" alt=\"Mettre fin \u00e0 la classe virtuelle\" style=\"max-width:100%; height:auto;\"><\/p>\n\n<h2>R\u00e9cup\u00e9rer l&rsquo;enregistrement<\/h2>\n\n<p>\nSi vous avez enregistr\u00e9 votre classe virtuelle, vous pouvez r\u00e9cup\u00e9rer l&rsquo;enregistrement depuis le tableau de bord de configuration de la salle \n(voir <a href=\"..\/2-2\/#enregistrements\">Enregistrements<\/a>).\n<\/p>\n\n<p>\nLa classe virtuelle peut \u00eatre r\u00e9utilis\u00e9e \u00e0 volont\u00e9 : la liste compl\u00e8te des enregistrements pour une m\u00eame salle s&rsquo;affichera au format \n<code>.mp4<\/code> dans le composant <strong>Enregistrements<\/strong>.\n<\/p>\n\n<p><img decoding=\"async\" src=\"\/test\/wp-content\/uploads\/2025\/10\/enregistrements-2_fichiers.png\" alt=\"Enregistrements\" style=\"max-width:100%; height:auto;\"><\/p>\n\n<div style=\"border-left:4px solid #f59e0b; padding:12px; background:#fffbeb; margin:16px 0;\">\n  <strong>\u26a0\ufe0f Attention :<\/strong> L&rsquo;apparition du lien de t\u00e9l\u00e9chargement peut prendre de quelques minutes \u00e0 plusieurs heures selon la dur\u00e9e de votre session.\n<\/div>\n\n<h2>Reprogrammer une classe virtuelle<\/h2>\n\n<p>\nPour ne pas avoir \u00e0 recr\u00e9er une classe virtuelle, vous pouvez la reprogrammer \u00e0 la date de votre choix \nvia le calendrier du composant <strong>Planification<\/strong>.\n<\/p>\n\n<p><img decoding=\"async\" src=\"\/test\/wp-content\/uploads\/2025\/10\/reprogrammer.png\" alt=\"Reprogrammer la classe virtuelle\" style=\"max-width:100%; height:auto;\"><\/p>\n\n<p>\nL&rsquo;\u00e9cran d&rsquo;accueil des participants se mettra automatiquement \u00e0 jour.\n<\/p>\n\n<p>\nSi vous utilisez la classe virtuelle en LTI, vous pouvez copier le \n<code>lien LTI pour votre classe virtuelle<\/code> affich\u00e9 dans le composant \n<a href=\"..\/2-2\/#invitation\">Invitation<\/a> \net l\u2019ajouter ailleurs dans votre cours.  \nCela vous permet de conserver vos param\u00e9trages, enregistrements et documents partag\u00e9s.\n<\/p>\n\n<h2>\ud83d\udca1 Faites-nous part de vos retours et suggestions d&rsquo;am\u00e9liorations<\/h2>\n\n<div style=\"border-left:4px solid #16a34a; padding:12px; background:#ecfdf5; margin:16px 0;\">\n  <strong>\u2705 Votre avis compte :<\/strong> Si vous souhaitez partager votre exp\u00e9rience ou proposer des am\u00e9liorations, \n  vous pouvez le faire via \n  <a href=\"https:\/\/www.fun-mooc.help\/hc\/fr\/requests\/new?ticket_form_id=360000048009\" target=\"_blank\" rel=\"noopener\">\n    ce formulaire de contact\n  <\/a>.\n<\/div>\n","protected":false},"excerpt":{"rendered":"<p>\u23f9 5. Mettre fin \u00e0 la classe virtuelle \ud83d\udca1 Info : Cette \u00e9tape concerne l&rsquo;utilisation de classes virtuelles depuis Moodle en LTI, ainsi que sur le portail national et les plateformes FUN. Pour des conseils d&rsquo;utilisation sur le plugin BBB, rendez-vous sur l&rsquo;onglet d\u00e9di\u00e9 dans la rubrique Cr\u00e9er une classe virtuelle : Ajouter et param\u00e9trer une nouvelle classe BigBlueButton Pour un guide d&rsquo;utilisation sur la plateforme Esup-Pod, contactez le service informatique de votre universit\u00e9, rendez-vous sur Param\u00e9trer et programmer une [&#8230;]<\/p>\n<p><a class=\"btn btn-secondary understrap-read-more-link\" href=\"https:\/\/test.wordpress.numerique-esr.fr\/test\/index.php\/297-2\/\">Lire la suite\u2026<span class=\"screen-reader-text\"> from 5<\/span><\/a><\/p>\n","protected":false},"author":1,"featured_media":0,"parent":0,"menu_order":0,"comment_status":"closed","ping_status":"closed","template":"page-documentation.php","meta":{"footnotes":""},"class_list":["post-297","page","type-page","status-publish","hentry"],"_links":{"self":[{"href":"https:\/\/test.wordpress.numerique-esr.fr\/test\/index.php\/wp-json\/wp\/v2\/pages\/297","targetHints":{"allow":["GET"]}}],"collection":[{"href":"https:\/\/test.wordpress.numerique-esr.fr\/test\/index.php\/wp-json\/wp\/v2\/pages"}],"about":[{"href":"https:\/\/test.wordpress.numerique-esr.fr\/test\/index.php\/wp-json\/wp\/v2\/types\/page"}],"author":[{"embeddable":true,"href":"https:\/\/test.wordpress.numerique-esr.fr\/test\/index.php\/wp-json\/wp\/v2\/users\/1"}],"replies":[{"embeddable":true,"href":"https:\/\/test.wordpress.numerique-esr.fr\/test\/index.php\/wp-json\/wp\/v2\/comments?post=297"}],"version-history":[{"count":5,"href":"https:\/\/test.wordpress.numerique-esr.fr\/test\/index.php\/wp-json\/wp\/v2\/pages\/297\/revisions"}],"predecessor-version":[{"id":377,"href":"https:\/\/test.wordpress.numerique-esr.fr\/test\/index.php\/wp-json\/wp\/v2\/pages\/297\/revisions\/377"}],"wp:attachment":[{"href":"https:\/\/test.wordpress.numerique-esr.fr\/test\/index.php\/wp-json\/wp\/v2\/media?parent=297"}],"curies":[{"name":"wp","href":"https:\/\/api.w.org\/{rel}","templated":true}]}}