{"id":301,"date":"2025-10-09T07:00:39","date_gmt":"2025-10-09T07:00:39","guid":{"rendered":"https:\/\/test.wordpress.numerique-esr.fr\/test\/?page_id=301"},"modified":"2025-10-10T11:38:00","modified_gmt":"2025-10-10T11:38:00","slug":"301-2","status":"publish","type":"page","link":"https:\/\/test.wordpress.numerique-esr.fr\/test\/index.php\/301-2\/","title":{"rendered":"depuis Moodle"},"content":{"rendered":"\n<h1>Depuis le Moodle de votre \u00e9tablissement<\/h1>\n\n<h2>Pr\u00e9requis<\/h2>\n\n<p>\nVous pouvez acc\u00e9der \u00e0 la solution de classes virtuelles via le plugin BigBlueButton install\u00e9 dans le Moodle de votre \u00e9tablissement par votre DSI.\n<\/p>\n\n<ul>\n  <li><strong>En utilisant le plugin BBB pour Moodle :<\/strong> vos \u00e9tudiants voient directement dans l\u2019espace de cours Moodle le lien vers la classe virtuelle et peuvent la rejoindre d\u2019un simple clic. Seuls les \u00e9tudiants inscrits au cours peuvent acc\u00e9der \u00e0 la classe virtuelle.<\/li>\n<\/ul>\n\n<div style=\"border-left:4px solid #3b82f6; padding:12px; background:#f0f8ff; margin:16px 0;\">\n  <strong>\ud83d\udca1 Info :<\/strong> Pour installer le plugin BigBlueButton dans Moodle, \n  votre DSI peut contacter l&rsquo;\u00e9quipe technique de FUN via \n  <a href=\"https:\/\/www.fun-mooc.help\/hc\/fr\/requests\/new?ticket_form_id=9122250595357\" target=\"_blank\" rel=\"noopener\">\n    ce formulaire de demande\n  <\/a>.\n<\/div>\n\n<p><strong>\ud83d\udca1 Consultez votre DSI pour savoir si le plugin BigBlueButton est d\u00e9j\u00e0 install\u00e9 dans votre Moodle.<\/strong><\/p>\n\n<h2>Cr\u00e9er votre ressource classe virtuelle dans un cours<\/h2>\n\n<h3>Ajouter une ressource<\/h3>\n\n<p>\u00c0 l&rsquo;endroit o\u00f9 vous souhaitez ajouter votre classe, basculez en <code>Mode d'\u00e9dition<\/code>.<\/p>\n\n<p><img decoding=\"async\" src=\"\/test\/wp-content\/uploads\/2025\/10\/moodle4-edition-button.gif\" alt=\"Activer le mode d'\u00e9dition\" style=\"max-width:100%;height:auto;\"><\/p>\n\n<p>Dans la section du cours de votre choix, choisissez <code>Ajouter une activit\u00e9 ou une ressource<\/code>.<\/p>\n\n<p><img decoding=\"async\" src=\"\/test\/wp-content\/uploads\/2025\/10\/moodle4-ajouter_ressource.png\" alt=\"Ajouter une ressource\" style=\"max-width:100%;height:auto;\"><\/p>\n\n<p>Choisissez l&rsquo;activit\u00e9 <strong>BigBlueButton<\/strong> install\u00e9e par votre DSI.<\/p>\n\n<div style=\"border-left:4px solid #f59e0b; padding:12px; background:#fffbeb; margin:16px 0;\">\n  <strong>\u26a0\ufe0f Attention :<\/strong> L&rsquo;affichage du nom et de l&rsquo;ic\u00f4ne peuvent varier selon la customisation choisie par votre DSI.\n<\/div>\n\n<p><img decoding=\"async\" src=\"\/test\/wp-content\/uploads\/2025\/10\/moodle4.activite_plugin_bbb.png\" alt=\"Ic\u00f4ne Plugin BBB\" style=\"max-width:100%;height:auto;\"><\/p>\n\n<h3>Ajouter et param\u00e9trer une nouvelle classe BigBlueButton<\/h3>\n\n<div style=\"border-left:4px solid #3b82f6; padding:12px; background:#f0f8ff; margin:16px 0;\">\n  <strong>\ud83d\udca1 Info :<\/strong> Les fonctionnalit\u00e9s suivantes concernent le plugin BigBlueButton pr\u00e9configur\u00e9 pour Moodle 4.x.  \n  Si vous utilisez Moodle 3.x, consultez la section <a href=\"..\/301-2\/\">Dans le Moodle de votre \u00e9tablissement<\/a>.\n<\/div>\n\n<p>Apr\u00e8s avoir cliqu\u00e9 sur l\u2019activit\u00e9 BigBlueButton, vous acc\u00e9dez \u00e0 la page de configuration de la salle.<\/p>\n\n<h4>Principaux param\u00e9trages<\/h4>\n\n<p>Dans <strong>G\u00e9n\u00e9ral<\/strong>, vous pouvez :<\/p>\n<ul>\n  <li>Entrer le <code>Nom de la salle<\/code> (champ obligatoire)<\/li>\n  <li>Choisir le <code>Type de conf\u00e9rence<\/code> (avec ou sans enregistrement, ou \u201cEnregistrement seulement\u201d)<\/li>\n  <li>Ajouter une <code>Description<\/code> qui s\u2019affichera en haut de l\u2019activit\u00e9.<\/li>\n<\/ul>\n\n<p><img decoding=\"async\" src=\"\/test\/wp-content\/uploads\/2025\/10\/moodle-ajout_bbb_general.png\" alt=\"Param\u00e8tres g\u00e9n\u00e9raux\" style=\"max-width:100%;height:auto;\"><\/p>\n\n<p>Les <strong>Param\u00e8tres de la salle<\/strong> permettent :<\/p>\n<ul>\n  <li>D\u2019afficher un message d\u2019accueil<\/li>\n  <li>D\u2019afficher le message \u201cLa session peut \u00eatre enregistr\u00e9e\u201d<\/li>\n  <li>D\u2019activer la salle d\u2019attente<\/li>\n<\/ul>\n\n<p><img decoding=\"async\" src=\"\/test\/wp-content\/uploads\/2025\/10\/moodle4-plugin-param-salle.png\" alt=\"Param\u00e8tres de la salle\" style=\"max-width:100%;height:auto;\"><\/p>\n\n<p>Les <strong>R\u00e9glages de verrouillage<\/strong> permettent de d\u00e9sactiver des fonctions (webcam, micros, chat priv\u00e9\/public, notes) et de masquer la liste des participants.<\/p>\n\n<p><img decoding=\"async\" src=\"\/test\/wp-content\/uploads\/2025\/10\/moodle4-plugin-lock.png\" alt=\"R\u00e9glages de verrouillage\" style=\"max-width:100%;height:auto;\"><\/p>\n\n<p>\nVia <code>R\u00f4le attribu\u00e9 pendant la session<\/code>, vous pouvez pr\u00e9d\u00e9finir le statut (<strong>participant<\/strong> ou <strong>mod\u00e9rateur<\/strong>) selon les inscrits.\n<\/p>\n\n<p><img decoding=\"async\" src=\"\/test\/wp-content\/uploads\/2025\/10\/moodle4-plugin-user-role.png\" alt=\"Attribution par utilisateur\" style=\"max-width:100%;height:auto;\"><\/p>\n\n<p><img decoding=\"async\" src=\"\/test\/wp-content\/uploads\/2025\/10\/moodle4-plugin-role.png\" alt=\"Attribution par r\u00f4le\" style=\"max-width:100%;height:auto;\"><\/p>\n\n<p>Vous pouvez \u00e9galement planifier l\u2019affichage de votre salle via <code>Horaire de la r\u00e9union<\/code>.<\/p>\n\n<p><img decoding=\"async\" src=\"\/test\/wp-content\/uploads\/2025\/10\/moodle4-plugin-horaires.png\" alt=\"Horaires de r\u00e9union\" style=\"max-width:100%;height:auto;\"><\/p>\n\n<h4>Lancer et animer la classe virtuelle<\/h4>\n\n<p>\n\u00c0 l&rsquo;heure pr\u00e9vue, cliquez sur <code>Entrer dans la session<\/code> pour rejoindre la classe dans un nouvel onglet.\n<\/p>\n\n<p><img decoding=\"async\" src=\"\/test\/wp-content\/uploads\/2025\/10\/moodle4-plugin-ecran-lancement.png\" alt=\"Entrer dans la session\" style=\"max-width:100%;height:auto;\"><\/p>\n\n<div style=\"border-left:4px solid #3b82f6; padding:12px; background:#f0f8ff; margin:16px 0;\">\n  <strong>\ud83d\udca1 Info :<\/strong> Les parties 2 et 3 du guide concernent le LCMS Marsha et ne s\u2019appliquent pas au plugin BBB pour Moodle.  \n  Consultez la section <a href=\"..\/294-2\/\">Animer votre classe virtuelle<\/a> pour plus de d\u00e9tails.\n<\/div>\n\n<h4>Mettre fin \u00e0 la classe virtuelle<\/h4>\n\n<p>\nAvec le plugin BBB, l\u2019interface enseignant et apprenant est identique, \u00e0 l\u2019exception du bouton \n<code>Terminer la session<\/code> r\u00e9serv\u00e9 \u00e0 l\u2019enseignant-mod\u00e9rateur.\n<\/p>\n\n<p><img decoding=\"async\" src=\"\/test\/wp-content\/uploads\/2025\/10\/moodle4-plugin-fin.png\" alt=\"Terminer la session\" style=\"max-width:100%;height:auto;\"><\/p>\n\n<p>Si la classe a \u00e9t\u00e9 enregistr\u00e9e, l\u2019enregistrement appara\u00eetra dans le tableau des <strong>Enregistrements<\/strong>, accessible \u00e0 tous les participants.<\/p>\n\n<div style=\"border-left:4px solid #f59e0b; padding:12px; background:#fffbeb; margin:16px 0;\">\n  <strong>\u26a0\ufe0f Attention :<\/strong> L\u2019apparition du lien de t\u00e9l\u00e9chargement peut prendre plusieurs minutes ou heures selon la dur\u00e9e de la session.\n<\/div>\n\n<p>Depuis cette interface, vous pouvez :<\/p>\n<ul>\n  <li>Visionner l\u2019enregistrement<\/li>\n  <li>Modifier le nom et la description<\/li>\n  <li>Rendre le partage public (ic\u00f4ne <strong>cadenas<\/strong>)<\/li>\n  <li>Masquer l\u2019enregistrement (ic\u00f4ne <strong>\u0153il<\/strong>)<\/li>\n  <li>Supprimer l\u2019enregistrement (ic\u00f4ne <strong>corbeille<\/strong>)<\/li>\n<\/ul>\n\n<p><img decoding=\"async\" src=\"\/test\/wp-content\/uploads\/2025\/10\/moodle4-plugin-paramsalle.png\" alt=\"Tableau des enregistrements\" style=\"max-width:100%;height:auto;\"><\/p>\n\n<h4>Documentation compl\u00e9mentaire<\/h4>\n\n<ul>\n  <li><a href=\"https:\/\/moodle.org\/plugins\/mod_bigbluebuttonbn\" target=\"_blank\" rel=\"noopener\">Page du plugin BigBlueButtonBN<\/a> (en anglais, avec vid\u00e9o).<\/li>\n  <li><a href=\"https:\/\/support.bigbluebutton.org\/hc\/en-us\/categories\/1500000533302-Moodle\" target=\"_blank\" rel=\"noopener\">Rubrique Moodle du centre d\u2019aide BigBlueButton<\/a> (en anglais).<\/li>\n<\/ul>\n","protected":false},"excerpt":{"rendered":"<p>Depuis le Moodle de votre \u00e9tablissement Pr\u00e9requis Vous pouvez acc\u00e9der \u00e0 la solution de classes virtuelles via le plugin BigBlueButton install\u00e9 dans le Moodle de votre \u00e9tablissement par votre DSI. En utilisant le plugin BBB pour Moodle : vos \u00e9tudiants voient directement dans l\u2019espace de cours Moodle le lien vers la classe virtuelle et peuvent la rejoindre d\u2019un simple clic. Seuls les \u00e9tudiants inscrits au cours peuvent acc\u00e9der \u00e0 la classe virtuelle. \ud83d\udca1 Info : Pour installer le plugin BigBlueButton [&#8230;]<\/p>\n<p><a class=\"btn btn-secondary understrap-read-more-link\" href=\"https:\/\/test.wordpress.numerique-esr.fr\/test\/index.php\/301-2\/\">Lire la suite\u2026<span class=\"screen-reader-text\"> from depuis Moodle<\/span><\/a><\/p>\n","protected":false},"author":1,"featured_media":0,"parent":0,"menu_order":0,"comment_status":"closed","ping_status":"closed","template":"page-documentation.php","meta":{"footnotes":""},"class_list":["post-301","page","type-page","status-publish","hentry"],"_links":{"self":[{"href":"https:\/\/test.wordpress.numerique-esr.fr\/test\/index.php\/wp-json\/wp\/v2\/pages\/301","targetHints":{"allow":["GET"]}}],"collection":[{"href":"https:\/\/test.wordpress.numerique-esr.fr\/test\/index.php\/wp-json\/wp\/v2\/pages"}],"about":[{"href":"https:\/\/test.wordpress.numerique-esr.fr\/test\/index.php\/wp-json\/wp\/v2\/types\/page"}],"author":[{"embeddable":true,"href":"https:\/\/test.wordpress.numerique-esr.fr\/test\/index.php\/wp-json\/wp\/v2\/users\/1"}],"replies":[{"embeddable":true,"href":"https:\/\/test.wordpress.numerique-esr.fr\/test\/index.php\/wp-json\/wp\/v2\/comments?post=301"}],"version-history":[{"count":5,"href":"https:\/\/test.wordpress.numerique-esr.fr\/test\/index.php\/wp-json\/wp\/v2\/pages\/301\/revisions"}],"predecessor-version":[{"id":381,"href":"https:\/\/test.wordpress.numerique-esr.fr\/test\/index.php\/wp-json\/wp\/v2\/pages\/301\/revisions\/381"}],"wp:attachment":[{"href":"https:\/\/test.wordpress.numerique-esr.fr\/test\/index.php\/wp-json\/wp\/v2\/media?parent=301"}],"curies":[{"name":"wp","href":"https:\/\/api.w.org\/{rel}","templated":true}]}}