{"id":304,"date":"2025-10-09T07:03:11","date_gmt":"2025-10-09T07:03:11","guid":{"rendered":"https:\/\/test.wordpress.numerique-esr.fr\/test\/?page_id=304"},"modified":"2025-10-10T11:38:19","modified_gmt":"2025-10-10T11:38:19","slug":"304-2","status":"publish","type":"page","link":"https:\/\/test.wordpress.numerique-esr.fr\/test\/index.php\/304-2\/","title":{"rendered":"depuis portail national"},"content":{"rendered":"\n<h1>Depuis le portail national des classes virtuelles<\/h1>\n\n<p>\nMarsha<sup>[1]<\/sup> est un portail national de mutualisation de contenus p\u00e9dagogiques pour l\u2019Enseignement Sup\u00e9rieur et la Recherche (ESR). \nD\u00e9velopp\u00e9 dans le cadre du Plan de relance, il vous permet de cr\u00e9er facilement des classes virtuelles BigBlueButton.\n<\/p>\n\n<p>\nEn tant qu\u2019enseignant, vous pouvez vous y connecter avec votre identifiant universitaire et :\n<\/p>\n\n<ul>\n  <li>pr\u00e9parer en amont votre classe virtuelle et en programmer la date et l\u2019heure ;<\/li>\n  <li>t\u00e9l\u00e9verser dans l\u2019application vos supports de pr\u00e9sentation au format PDF pour qu\u2019ils soient automatiquement disponibles dans la classe virtuelle d\u00e8s l\u2019ouverture ;<\/li>\n  <li>g\u00e9n\u00e9rer un lien d\u2019invitation pour inviter \u00e9galement des participants externes ;<\/li>\n  <li>r\u00e9cup\u00e9rer l\u2019enregistrement \u00e0 la fin de la classe virtuelle.<\/li>\n<\/ul>\n\n<p>Suivez les \u00e9tapes suivantes pour cr\u00e9er facilement des classes virtuelles pour vos \u00e9tudiants.<\/p>\n\n<h2>I. Connexion au portail national<\/h2>\n\n<div style=\"border-left:4px solid #16a34a; padding:12px; background:#ecfdf5; margin:16px 0;\">\n  <strong>\u2705 Astuce :<\/strong> Le portail permet la connexion via la f\u00e9d\u00e9ration d&rsquo;identit\u00e9 Shibboleth (RENATER).\n<\/div>\n\n<ol>\n  <li>Rendez-vous sur le portail via l\u2019adresse <a href=\"https:\/\/classe-virtuelle.numerique-esr.fr\" target=\"_blank\" rel=\"noopener\">https:\/\/classe-virtuelle.numerique-esr.fr<\/a>.<\/li>\n<\/ol>\n\n<p><img decoding=\"async\" src=\"\/test\/wp-content\/uploads\/2025\/10\/vignette-login-marsha-vf.png\" alt=\"Connexion au portail national\" style=\"max-width:100%; height:auto;\"><\/p>\n\n<ol start=\"2\">\n  <li>Sur la page d&rsquo;accueil, saisissez le nom de votre \u00e9tablissement dans le menu d\u00e9roulant.<\/li>\n  <li>Entrez vos identifiants universitaires sur la page qui s&rsquo;ouvre.<\/li>\n<\/ol>\n\n<p><img decoding=\"async\" src=\"\/test\/wp-content\/uploads\/2025\/10\/marsha-site-login-shibboleth.gif\" alt=\"Exemple de connexion Shibboleth\" style=\"max-width:100%; height:auto;\"><\/p>\n\n<ol start=\"4\">\n  <li>Apr\u00e8s la saisie de vos identifiants, il vous sera demand\u00e9 de donner vos pr\u00e9f\u00e9rences concernant le transfert des donn\u00e9es (voir tableau affich\u00e9).<\/li>\n<\/ol>\n\n<p><img decoding=\"async\" src=\"\/test\/wp-content\/uploads\/2025\/10\/shibboleth-consentement-v2.png\" alt=\"Consentement Shibboleth\" style=\"max-width:100%; height:auto;\"><\/p>\n\n<ol start=\"5\">\n  <li>Vous avez d\u00e9sormais acc\u00e8s au portail !<\/li>\n<\/ol>\n\n<p><img decoding=\"async\" src=\"\/test\/wp-content\/uploads\/2025\/10\/marsha-site-accueil.png\" alt=\"Accueil du portail national\" style=\"max-width:100%; height:auto;\"><\/p>\n\n<h2>II. Cr\u00e9er votre classe virtuelle<\/h2>\n\n<h3>A. Cr\u00e9er votre premier cours<\/h3>\n\n<p>Avant de pouvoir cr\u00e9er votre premi\u00e8re classe virtuelle, il est n\u00e9cessaire de cr\u00e9er un cours.<\/p>\n\n<p><img decoding=\"async\" src=\"\/test\/wp-content\/uploads\/2025\/10\/site-creer-cours.png\" alt=\"Cr\u00e9er un cours\" style=\"max-width:100%; height:auto;\"><\/p>\n\n<p>S\u00e9lectionnez <code>Mes cours<\/code> dans le menu de gauche puis cliquez sur <code>Cr\u00e9er un cours<\/code>.<\/p>\n\n<p><img decoding=\"async\" src=\"\/test\/wp-content\/uploads\/2025\/10\/marsha-site-premier-cours.gif\" alt=\"Cr\u00e9ation d\u2019un premier cours\" style=\"max-width:100%; height:auto;\"><\/p>\n\n<div style=\"border-left:4px solid #3b82f6; padding:12px; background:#f0f8ff; margin:16px 0;\">\n  <strong>\u2139\ufe0f Info :<\/strong> Vous pouvez associer plusieurs ressources \u00e0 un cours : classes virtuelles, vid\u00e9os, webinaires, et prochainement d\u2019autres outils (le\u00e7ons Markdown, h\u00e9bergement de fichiers, collecte de devoirs).  \n  <br><br>\n  Les cours fonctionnent comme des <strong>listes de lecture<\/strong> pour organiser et partager vos ressources.\n<\/div>\n\n<h4>Partagez un cours au sein de votre organisation (facultatif)<\/h4>\n\n<p>Lorsque vous cr\u00e9ez un cours, le r\u00f4le d\u2019<strong>Administrateur<\/strong> vous est attribu\u00e9 par d\u00e9faut.<\/p>\n\n<p>\nPour partager les ressources d\u2019un cours avec vos coll\u00e8gues (afin qu\u2019ils puissent co-g\u00e9rer vos classes virtuelles), s\u00e9lectionnez le cours dans <code>Mes cours<\/code>.\n<\/p>\n\n<p><img decoding=\"async\" src=\"\/test\/wp-content\/uploads\/2025\/10\/site-partage-cours.png\" alt=\"Partage de cours\" style=\"max-width:100%; height:auto;\"><\/p>\n\n<p>\nCliquez sur <code>Ajouter des utilisateurs<\/code>, puis saisissez le nom ou l\u2019adresse email d\u2019un membre de votre \u00e9tablissement inscrit sur le portail.\n<\/p>\n\n<p>Attribuez-lui un r\u00f4le :<\/p>\n\n<ul>\n  <li><strong>Administrateur<\/strong> : peut g\u00e9rer les acc\u00e8s, voir toutes les classes du cours et en cr\u00e9er de nouvelles ;<\/li>\n  <li><strong>Instructeur<\/strong> : peut ajouter et lancer des classes, sans modifier les acc\u00e8s ni voir vos classes existantes.<\/li>\n<\/ul>\n\n<div style=\"border-left:4px solid #3b82f6; padding:12px; background:#f0f8ff; margin:16px 0;\">\n  <strong>\u2139\ufe0f Info :<\/strong> La gestion fine des permissions est en cours d\u2019int\u00e9gration (plus d\u2019informations \u00e0 venir).\n<\/div>\n\n<p><img decoding=\"async\" src=\"\/test\/wp-content\/uploads\/2025\/10\/marsha-bbb-ajout-utilisateurs.gif\" alt=\"Ajout d\u2019utilisateurs au cours\" style=\"max-width:100%; height:auto;\"><\/p>\n\n<h3>B. Cr\u00e9er votre premi\u00e8re classe virtuelle<\/h3>\n\n<p>Une fois votre cours cr\u00e9\u00e9, vous pouvez cr\u00e9er votre premi\u00e8re classe virtuelle.<\/p>\n\n<ol>\n  <li>S\u00e9lectionnez <code>Classes virtuelles<\/code> dans le menu de gauche ;<\/li>\n  <li>Cliquez sur <code>Cr\u00e9er une classe virtuelle<\/code>.<\/li>\n<\/ol>\n\n<p><img decoding=\"async\" src=\"\/test\/wp-content\/uploads\/2025\/10\/marsha-site-creer-classe.png\" alt=\"Cr\u00e9er une classe virtuelle\" style=\"max-width:100%; height:auto;\"><\/p>\n\n<p>Sur cette nouvelle page :<\/p>\n\n<ol>\n  <li>Donnez un titre \u00e0 votre classe virtuelle ;<\/li>\n  <li>S\u00e9lectionnez le cours auquel l\u2019associer ;<\/li>\n  <li>Ajoutez une description (facultatif) ;<\/li>\n  <li>Cliquez sur <code>Ajouter une classe virtuelle<\/code>.<\/li>\n<\/ol>\n\n<p><img decoding=\"async\" src=\"\/test\/wp-content\/uploads\/2025\/10\/marsha-site-creation-classe.gif\" alt=\"Cr\u00e9ation d\u2019une classe virtuelle\" style=\"max-width:100%; height:auto;\"><\/p>\n\n<p>\nVous avez d\u00e9sormais acc\u00e8s au panneau de configuration de votre classe \ud83c\udf89  \nRendez-vous \u00e0 la prochaine \u00e9tape : \n<a href=\"..\/2-2\/\">Configurer votre classe virtuelle<\/a>.\n<\/p>\n\n<hr style=\"margin:40px 0;\">\n\n<p><small>[1] Marsha : gestionnaire de contenus p\u00e9dagogiques pour l\u2019\u00e9ducation, d\u00e9velopp\u00e9 par France Universit\u00e9 Num\u00e9rique (FUN).<\/small><\/p>\n","protected":false},"excerpt":{"rendered":"<p>Depuis le portail national des classes virtuelles Marsha[1] est un portail national de mutualisation de contenus p\u00e9dagogiques pour l\u2019Enseignement Sup\u00e9rieur et la Recherche (ESR). D\u00e9velopp\u00e9 dans le cadre du Plan de relance, il vous permet de cr\u00e9er facilement des classes virtuelles BigBlueButton. En tant qu\u2019enseignant, vous pouvez vous y connecter avec votre identifiant universitaire et : pr\u00e9parer en amont votre classe virtuelle et en programmer la date et l\u2019heure ; t\u00e9l\u00e9verser dans l\u2019application vos supports de pr\u00e9sentation au format PDF [&#8230;]<\/p>\n<p><a class=\"btn btn-secondary understrap-read-more-link\" href=\"https:\/\/test.wordpress.numerique-esr.fr\/test\/index.php\/304-2\/\">Lire la suite\u2026<span class=\"screen-reader-text\"> from depuis portail national<\/span><\/a><\/p>\n","protected":false},"author":1,"featured_media":0,"parent":0,"menu_order":0,"comment_status":"closed","ping_status":"closed","template":"page-documentation.php","meta":{"footnotes":""},"class_list":["post-304","page","type-page","status-publish","hentry"],"_links":{"self":[{"href":"https:\/\/test.wordpress.numerique-esr.fr\/test\/index.php\/wp-json\/wp\/v2\/pages\/304","targetHints":{"allow":["GET"]}}],"collection":[{"href":"https:\/\/test.wordpress.numerique-esr.fr\/test\/index.php\/wp-json\/wp\/v2\/pages"}],"about":[{"href":"https:\/\/test.wordpress.numerique-esr.fr\/test\/index.php\/wp-json\/wp\/v2\/types\/page"}],"author":[{"embeddable":true,"href":"https:\/\/test.wordpress.numerique-esr.fr\/test\/index.php\/wp-json\/wp\/v2\/users\/1"}],"replies":[{"embeddable":true,"href":"https:\/\/test.wordpress.numerique-esr.fr\/test\/index.php\/wp-json\/wp\/v2\/comments?post=304"}],"version-history":[{"count":5,"href":"https:\/\/test.wordpress.numerique-esr.fr\/test\/index.php\/wp-json\/wp\/v2\/pages\/304\/revisions"}],"predecessor-version":[{"id":382,"href":"https:\/\/test.wordpress.numerique-esr.fr\/test\/index.php\/wp-json\/wp\/v2\/pages\/304\/revisions\/382"}],"wp:attachment":[{"href":"https:\/\/test.wordpress.numerique-esr.fr\/test\/index.php\/wp-json\/wp\/v2\/media?parent=304"}],"curies":[{"name":"wp","href":"https:\/\/api.w.org\/{rel}","templated":true}]}}