{"id":307,"date":"2025-10-09T07:08:34","date_gmt":"2025-10-09T07:08:34","guid":{"rendered":"https:\/\/test.wordpress.numerique-esr.fr\/test\/?page_id=307"},"modified":"2025-10-10T11:37:33","modified_gmt":"2025-10-10T11:37:33","slug":"307-2","status":"publish","type":"page","link":"https:\/\/test.wordpress.numerique-esr.fr\/test\/index.php\/307-2\/","title":{"rendered":"depuis fun"},"content":{"rendered":"\n<h1>Depuis les plateformes FUN<\/h1>\n\n<p>\nEn tant que concepteur de cours sur les plateformes <strong>FUN (Open edX)<\/strong>, \nvous devez vous placer dans l\u2019unit\u00e9 o\u00f9 vous souhaitez ajouter votre classe virtuelle \net suivre les \u00e9tapes ci-dessous.\n<\/p>\n\n<p>Sur votre unit\u00e9, cliquez sur <code>Avanc\u00e9<\/code> pour ajouter un composant :<\/p>\n\n<p><img decoding=\"async\" src=\"\/test\/wp-content\/uploads\/2025\/10\/studio.ajouter.png\" alt=\"Ajouter un composant avanc\u00e9\" style=\"max-width:100%; height:auto;\"><\/p>\n\n<p>Dans vos composants avanc\u00e9s, choisissez <strong>Classe virtuelle<\/strong> :<\/p>\n\n<p><img decoding=\"async\" src=\"\/test\/wp-content\/uploads\/2025\/10\/studio.classe.png\" alt=\"S\u00e9lectionner le composant Classe virtuelle\" style=\"max-width:100%; height:auto;\"><\/p>\n\n<p>\nL\u2019interface de configuration de la classe virtuelle s\u2019ouvrira directement dans le composant.  \n<\/p>\n\n<p>\n\u27a1\ufe0f Passez \u00e0 la rubrique suivante pour la <strong>configurer<\/strong> !\n<\/p>\n","protected":false},"excerpt":{"rendered":"<p>Depuis les plateformes FUN En tant que concepteur de cours sur les plateformes FUN (Open edX), vous devez vous placer dans l\u2019unit\u00e9 o\u00f9 vous souhaitez ajouter votre classe virtuelle et suivre les \u00e9tapes ci-dessous. Sur votre unit\u00e9, cliquez sur Avanc\u00e9 pour ajouter un composant : Dans vos composants avanc\u00e9s, choisissez Classe virtuelle : L\u2019interface de configuration de la classe virtuelle s\u2019ouvrira directement dans le composant. \u27a1\ufe0f Passez \u00e0 la rubrique suivante pour la configurer ! [&#8230;]<\/p>\n<p><a class=\"btn btn-secondary understrap-read-more-link\" href=\"https:\/\/test.wordpress.numerique-esr.fr\/test\/index.php\/307-2\/\">Lire la suite\u2026<span class=\"screen-reader-text\"> from depuis fun<\/span><\/a><\/p>\n","protected":false},"author":1,"featured_media":0,"parent":0,"menu_order":0,"comment_status":"closed","ping_status":"closed","template":"page-documentation.php","meta":{"footnotes":""},"class_list":["post-307","page","type-page","status-publish","hentry"],"_links":{"self":[{"href":"https:\/\/test.wordpress.numerique-esr.fr\/test\/index.php\/wp-json\/wp\/v2\/pages\/307","targetHints":{"allow":["GET"]}}],"collection":[{"href":"https:\/\/test.wordpress.numerique-esr.fr\/test\/index.php\/wp-json\/wp\/v2\/pages"}],"about":[{"href":"https:\/\/test.wordpress.numerique-esr.fr\/test\/index.php\/wp-json\/wp\/v2\/types\/page"}],"author":[{"embeddable":true,"href":"https:\/\/test.wordpress.numerique-esr.fr\/test\/index.php\/wp-json\/wp\/v2\/users\/1"}],"replies":[{"embeddable":true,"href":"https:\/\/test.wordpress.numerique-esr.fr\/test\/index.php\/wp-json\/wp\/v2\/comments?post=307"}],"version-history":[{"count":3,"href":"https:\/\/test.wordpress.numerique-esr.fr\/test\/index.php\/wp-json\/wp\/v2\/pages\/307\/revisions"}],"predecessor-version":[{"id":380,"href":"https:\/\/test.wordpress.numerique-esr.fr\/test\/index.php\/wp-json\/wp\/v2\/pages\/307\/revisions\/380"}],"wp:attachment":[{"href":"https:\/\/test.wordpress.numerique-esr.fr\/test\/index.php\/wp-json\/wp\/v2\/media?parent=307"}],"curies":[{"name":"wp","href":"https:\/\/api.w.org\/{rel}","templated":true}]}}