{"id":313,"date":"2025-10-09T07:11:12","date_gmt":"2025-10-09T07:11:12","guid":{"rendered":"https:\/\/test.wordpress.numerique-esr.fr\/test\/?page_id=313"},"modified":"2025-10-10T11:38:57","modified_gmt":"2025-10-10T11:38:57","slug":"313-2","status":"publish","type":"page","link":"https:\/\/test.wordpress.numerique-esr.fr\/test\/index.php\/313-2\/","title":{"rendered":"install bbb sur esup"},"content":{"rendered":"\n<h1>Installer BigBlueButton avec Esup-Pod<\/h1>\n\n<h2>La plateforme Esup-Pod<\/h2>\n\n<p>\nVous pouvez installer votre plateforme <em>on-premise<\/em> (\u201csur place\u201d), \nmais une offre <strong>SaaS<\/strong> pour les petits \u00e9tablissements est d\u00e9j\u00e0 propos\u00e9e \npar le consortium <strong>Esup-Portail<\/strong>.  \nCette offre sera \u00e9toff\u00e9e au cours de l\u2019ann\u00e9e 2023.\n<\/p>\n\n<p>\nPr\u00e8s d\u2019une cinquantaine d\u2019\u00e9tablissements ont d\u00e9j\u00e0 d\u00e9ploy\u00e9 cette solution libre, \nopen source et accessible \u00e0 tous.\n<\/p>\n\n<h2>Configurer l\u2019application BigBlueButton<\/h2>\n\n<div style=\"border-left:4px solid #f59e0b; padding:12px; background:#fffbeb; margin:16px 0;\">\n  <strong>\u26a0\ufe0f Important :<\/strong> Pour installer la version de BigBlueButton propos\u00e9e \n  dans le cadre du Plan de relance, vous devez obtenir vos identifiants de connexion \n  aupr\u00e8s de <strong>France Universit\u00e9 Num\u00e9rique<\/strong> via \n  <a href=\"https:\/\/www.fun-mooc.help\/hc\/fr\/requests\/new?ticket_form_id=9122250595357\" target=\"_blank\" rel=\"noopener\">\n    ce formulaire de demande\n  <\/a> \n  (choisissez l\u2019option <em>\u201cDemande de Tenant\u201d<\/em>).\n<\/div>\n\n<p>\nConsultez le guide officiel pour configurer l\u2019application BigBlueButton sur votre instance Esup-Pod&nbsp;:\n<\/p>\n\n<p>\n<a href=\"https:\/\/www.esup-portail.org\/wiki\/pages\/viewpage.action?pageId=699662364#Configurationdelaplateforme-ConfigurationapplicationBBB\" target=\"_blank\" rel=\"noopener\">\n  \ud83d\udc49 Guide de configuration BBB sur Esup-Pod\n<\/a>\n<\/p>\n\n<p>\nCette documentation d\u00e9crit une installation de BigBlueButton en mode <strong>webinaire<\/strong> \n(disponible \u00e0 partir de la version 3.2 d\u2019Esup-Pod)&nbsp;:\n<\/p>\n\n<p>\n<a href=\"https:\/\/www.esup-portail.org\/wiki\/pages\/viewpage.action?pageId=958988294\" target=\"_blank\" rel=\"noopener\">\n  \ud83d\udc49 Installation BBB en mode Webinaire\n<\/a>\n<\/p>\n\n<p>\nUn formulaire de contact est \u00e9galement disponible sur le site du Minist\u00e8re de l\u2019Enseignement Sup\u00e9rieur et de la Recherche&nbsp;:\n<\/p>\n\n<p>\n<a href=\"https:\/\/www.enseignementsup-recherche.gouv.fr\/fr\/esup-pod-plateforme-de-gestion-de-video-90260\" target=\"_blank\" rel=\"noopener\">\n  \ud83d\udc49 Page officielle Esup-Pod\n<\/a>\n<\/p>\n\n","protected":false},"excerpt":{"rendered":"<p>Installer BigBlueButton avec Esup-Pod La plateforme Esup-Pod Vous pouvez installer votre plateforme on-premise (\u201csur place\u201d), mais une offre SaaS pour les petits \u00e9tablissements est d\u00e9j\u00e0 propos\u00e9e par le consortium Esup-Portail. Cette offre sera \u00e9toff\u00e9e au cours de l\u2019ann\u00e9e 2023. Pr\u00e8s d\u2019une cinquantaine d\u2019\u00e9tablissements ont d\u00e9j\u00e0 d\u00e9ploy\u00e9 cette solution libre, open source et accessible \u00e0 tous. Configurer l\u2019application BigBlueButton \u26a0\ufe0f Important : Pour installer la version de BigBlueButton propos\u00e9e dans le cadre du Plan de relance, vous devez obtenir vos identifiants [&#8230;]<\/p>\n<p><a class=\"btn btn-secondary understrap-read-more-link\" href=\"https:\/\/test.wordpress.numerique-esr.fr\/test\/index.php\/313-2\/\">Lire la suite\u2026<span class=\"screen-reader-text\"> from install bbb sur esup<\/span><\/a><\/p>\n","protected":false},"author":1,"featured_media":0,"parent":0,"menu_order":0,"comment_status":"closed","ping_status":"closed","template":"page-documentation.php","meta":{"footnotes":""},"class_list":["post-313","page","type-page","status-publish","hentry"],"_links":{"self":[{"href":"https:\/\/test.wordpress.numerique-esr.fr\/test\/index.php\/wp-json\/wp\/v2\/pages\/313","targetHints":{"allow":["GET"]}}],"collection":[{"href":"https:\/\/test.wordpress.numerique-esr.fr\/test\/index.php\/wp-json\/wp\/v2\/pages"}],"about":[{"href":"https:\/\/test.wordpress.numerique-esr.fr\/test\/index.php\/wp-json\/wp\/v2\/types\/page"}],"author":[{"embeddable":true,"href":"https:\/\/test.wordpress.numerique-esr.fr\/test\/index.php\/wp-json\/wp\/v2\/users\/1"}],"replies":[{"embeddable":true,"href":"https:\/\/test.wordpress.numerique-esr.fr\/test\/index.php\/wp-json\/wp\/v2\/comments?post=313"}],"version-history":[{"count":2,"href":"https:\/\/test.wordpress.numerique-esr.fr\/test\/index.php\/wp-json\/wp\/v2\/pages\/313\/revisions"}],"predecessor-version":[{"id":315,"href":"https:\/\/test.wordpress.numerique-esr.fr\/test\/index.php\/wp-json\/wp\/v2\/pages\/313\/revisions\/315"}],"wp:attachment":[{"href":"https:\/\/test.wordpress.numerique-esr.fr\/test\/index.php\/wp-json\/wp\/v2\/media?parent=313"}],"curies":[{"name":"wp","href":"https:\/\/api.w.org\/{rel}","templated":true}]}}