{"id":316,"date":"2025-10-09T07:20:07","date_gmt":"2025-10-09T07:20:07","guid":{"rendered":"https:\/\/test.wordpress.numerique-esr.fr\/test\/?page_id=316"},"modified":"2025-10-10T11:39:14","modified_gmt":"2025-10-10T11:39:14","slug":"316-2","status":"publish","type":"page","link":"https:\/\/test.wordpress.numerique-esr.fr\/test\/index.php\/316-2\/","title":{"rendered":"install plugins moodle"},"content":{"rendered":"\n<h1>Int\u00e9grer le plugin BBB sur Moodle<\/h1>\n\n<p>\n<a href=\"https:\/\/blindsidenetworks.com\/\" target=\"_blank\" rel=\"noopener\">Blindside Networks<\/a>, \nl\u2019\u00e9diteur du logiciel libre <strong>BigBlueButton<\/strong>, \na d\u00e9velopp\u00e9 un plugin BBB pour Moodle.  \nDans le cadre du <strong>Plan de relance<\/strong>, \n<a href=\"https:\/\/www.france-universite-numerique.fr\/\" target=\"_blank\" rel=\"noopener\">France Universit\u00e9 Num\u00e9rique<\/a> \nd\u00e9livre des identifiants pour un serveur d\u00e9di\u00e9 \u00e0 l\u2019ESR et op\u00e9r\u00e9 par \n<a href=\"https:\/\/www.arawa.fr\/\" target=\"_blank\" rel=\"noopener\">Arawa<\/a>, \npermettant aux enseignants de cr\u00e9er des classes virtuelles sans les limitations de la version d\u2019essai.\n<\/p>\n\n<h2>Pr\u00e9requis<\/h2>\n\n<div style=\"border-left:4px solid #f59e0b; padding:12px; background:#fffbeb; margin:16px 0;\">\n  <strong>\u26a0\ufe0f Important :<\/strong> \n  Avant de vous rendre sur Moodle, vous devez obtenir les identifiants du serveur BigBlueButton \n  aupr\u00e8s de <strong>France Universit\u00e9 Num\u00e9rique<\/strong> via \n  <a href=\"https:\/\/www.fun-mooc.help\/hc\/fr\/requests\/new?ticket_form_id=9122250595357\" target=\"_blank\" rel=\"noopener\">\n    ce formulaire de demande\n  <\/a> \n  (choisissez l\u2019option <em>\u201cDemande de Tenant\u201d<\/em>).\n  <br><br>\n  Une version de test est disponible sur Moodle 4.x pour exp\u00e9rimenter la solution avant installation.\n<\/div>\n\n<h2>Installer le plugin BigBlueButton sur Moodle 3.x<\/h2>\n\n<div style=\"border-left:4px solid #3b82f6; padding:12px; background:#f0f8ff; margin:16px 0;\">\n  <strong>\ud83d\udca1 Info :<\/strong> \n  Le plugin BigBlueButton est int\u00e9gr\u00e9 par d\u00e9faut \n  <a href=\"https:\/\/bigbluebutton.org\/2022\/04\/19\/bigbluebutton-your-online-teaching-advantage-now-fully-integrated-into-moodle\/\" target=\"_blank\" rel=\"noopener\">\n    depuis la version 4.0 de Moodle\n  <\/a>.  \n  Pour les versions 3.x, il faut installer le plugin <strong>BigBlueButtonBN<\/strong>.\n<\/div>\n\n<p>T\u00e9l\u00e9chargez le plugin correspondant \u00e0 votre version de Moodle sur la page officielle :<\/p>\n\n<p>\n<a href=\"https:\/\/moodle.org\/plugins\/pluginversions.php?plugin=mod_bigbluebuttonbn\" target=\"_blank\" rel=\"noopener\">\n  \ud83d\udc49 T\u00e9l\u00e9charger le plugin BigBlueButtonBN\n<\/a>\n<\/p>\n\n<p>Consultez le guide officiel pour installer un plugin sur Moodle :<\/p>\n\n<p>\n<a href=\"https:\/\/docs.moodle.org\/4x\/fr\/Installation_de_plugins\" target=\"_blank\" rel=\"noopener\">\n  \ud83d\udc49 Guide d\u2019installation de plugins sur Moodle\n<\/a>\n<\/p>\n\n<p>Le code source du plugin et les recommandations d\u2019installation sont disponibles sur GitHub :<\/p>\n\n<p>\n<a href=\"https:\/\/github.com\/blindsidenetworks\/moodle-mod_bigbluebuttonbn\" target=\"_blank\" rel=\"noopener\">\n  \ud83d\udc49 Code source et guide d\u2019installation BigBlueButtonBN\n<\/a>\n<\/p>\n\n<h2>Activer le plugin BigBlueButton sur Moodle 4.x<\/h2>\n\n<p>\nSur les versions 4.x de Moodle, il suffit d\u2019activer le plugin BBB pr\u00e9install\u00e9 pour le rendre accessible aux enseignants.\n<\/p>\n\n<h3>Configurer le plugin<\/h3>\n\n<p>Dans <code>Administration du site<\/code>, ouvrez l\u2019onglet <code>Plugins<\/code> :<\/p>\n\n<p><img decoding=\"async\" src=\"\/test\/wp-content\/uploads\/2025\/10\/moodle4-plugins.png\" alt=\"Menu Plugins dans Moodle\" style=\"max-width:100%; height:auto;\"><\/p>\n\n<p>Choisissez <code>Gestion des activit\u00e9s<\/code> dans la rubrique <code>Modules d\u2019activit\u00e9<\/code> :<\/p>\n\n<p><img decoding=\"async\" src=\"\/test\/wp-content\/uploads\/2025\/10\/moodle4-gestion-activites.png\" alt=\"Gestion des activit\u00e9s\" style=\"max-width:100%; height:auto;\"><\/p>\n\n<p><img decoding=\"async\" src=\"\/test\/wp-content\/uploads\/2025\/10\/moodle4-params-bbb.png\" alt=\"Param\u00e8tres BigBlueButton\" style=\"max-width:100%; height:auto;\"><\/p>\n\n<p>\nPour activer le plugin, vous devez donner votre accord pour le traitement des donn\u00e9es \npar l\u2019\u00e9diteur <strong>Blindside Networks<\/strong> puis renseigner les identifiants fournis par \n<strong>France Universit\u00e9 Num\u00e9rique<\/strong> :\n<\/p>\n\n<ul>\n  <li><code>URL du serveur BigBlueButton<\/code><\/li>\n  <li><code>Secret partag\u00e9 BigBlueButton<\/code><\/li>\n<\/ul>\n\n<p><img decoding=\"async\" src=\"\/test\/wp-content\/uploads\/2025\/10\/moodle4-plugin-reglages.png\" alt=\"R\u00e9glages du plugin BBB\" style=\"max-width:100%; height:auto;\"><\/p>\n\n<div style=\"border-left:4px solid #3b82f6; padding:12px; background:#f0f8ff; margin:16px 0;\">\n  <strong>\ud83d\udca1 Astuce :<\/strong> \n  Vous pouvez tester la solution avant de contacter FUN en utilisant le serveur de d\u00e9monstration \n  propos\u00e9 par Blindside Networks (identifiants pr\u00e9remplis).  \n  Attention toutefois aux limitations d\u00e9crites sur la page.\n<\/div>\n\n<h3>Afficher le plugin dans les activit\u00e9s de cours<\/h3>\n\n<p>\nUne fois la configuration termin\u00e9e, retournez sur la page <code>Gestion des activit\u00e9s<\/code>.\n<\/p>\n\n<p>\nSur la ligne <strong>BigBlueButton<\/strong>, cliquez sur l\u2019ic\u00f4ne en forme d\u2019\u0153il \ud83d\udc41\ufe0f pour afficher le plugin dans la liste des activit\u00e9s disponibles.\n<\/p>\n\n<p><img decoding=\"async\" src=\"\/test\/wp-content\/uploads\/2025\/10\/moodle4-plugin-afficher.png\" alt=\"Afficher le plugin BigBlueButton\" style=\"max-width:100%; height:auto;\"><\/p>\n\n<p>\nLe plugin est d\u00e9sormais <strong>fonctionnel<\/strong> \ud83c\udf89  \nLes enseignants peuvent d\u00e8s \u00e0 pr\u00e9sent cr\u00e9er leurs classes virtuelles.\n<\/p>\n\n<p>\n\ud83d\udc49 Renvoyez-les vers le guide d\u2019utilisation suivant :  \n<a href=\"..\/301-2\/\">\n  Cr\u00e9er votre classe virtuelle depuis le Moodle de votre \u00e9tablissement\n<\/a>.\n<\/p>\n","protected":false},"excerpt":{"rendered":"<p>Int\u00e9grer le plugin BBB sur Moodle Blindside Networks, l\u2019\u00e9diteur du logiciel libre BigBlueButton, a d\u00e9velopp\u00e9 un plugin BBB pour Moodle. Dans le cadre du Plan de relance, France Universit\u00e9 Num\u00e9rique d\u00e9livre des identifiants pour un serveur d\u00e9di\u00e9 \u00e0 l\u2019ESR et op\u00e9r\u00e9 par Arawa, permettant aux enseignants de cr\u00e9er des classes virtuelles sans les limitations de la version d\u2019essai. Pr\u00e9requis \u26a0\ufe0f Important : Avant de vous rendre sur Moodle, vous devez obtenir les identifiants du serveur BigBlueButton aupr\u00e8s de France Universit\u00e9 [&#8230;]<\/p>\n<p><a class=\"btn btn-secondary understrap-read-more-link\" href=\"https:\/\/test.wordpress.numerique-esr.fr\/test\/index.php\/316-2\/\">Lire la suite\u2026<span class=\"screen-reader-text\"> from install plugins moodle<\/span><\/a><\/p>\n","protected":false},"author":1,"featured_media":0,"parent":0,"menu_order":0,"comment_status":"closed","ping_status":"closed","template":"page-documentation.php","meta":{"footnotes":""},"class_list":["post-316","page","type-page","status-publish","hentry"],"_links":{"self":[{"href":"https:\/\/test.wordpress.numerique-esr.fr\/test\/index.php\/wp-json\/wp\/v2\/pages\/316","targetHints":{"allow":["GET"]}}],"collection":[{"href":"https:\/\/test.wordpress.numerique-esr.fr\/test\/index.php\/wp-json\/wp\/v2\/pages"}],"about":[{"href":"https:\/\/test.wordpress.numerique-esr.fr\/test\/index.php\/wp-json\/wp\/v2\/types\/page"}],"author":[{"embeddable":true,"href":"https:\/\/test.wordpress.numerique-esr.fr\/test\/index.php\/wp-json\/wp\/v2\/users\/1"}],"replies":[{"embeddable":true,"href":"https:\/\/test.wordpress.numerique-esr.fr\/test\/index.php\/wp-json\/wp\/v2\/comments?post=316"}],"version-history":[{"count":5,"href":"https:\/\/test.wordpress.numerique-esr.fr\/test\/index.php\/wp-json\/wp\/v2\/pages\/316\/revisions"}],"predecessor-version":[{"id":384,"href":"https:\/\/test.wordpress.numerique-esr.fr\/test\/index.php\/wp-json\/wp\/v2\/pages\/316\/revisions\/384"}],"wp:attachment":[{"href":"https:\/\/test.wordpress.numerique-esr.fr\/test\/index.php\/wp-json\/wp\/v2\/media?parent=316"}],"curies":[{"name":"wp","href":"https:\/\/api.w.org\/{rel}","templated":true}]}}