{"id":319,"date":"2025-10-09T13:11:46","date_gmt":"2025-10-09T13:11:46","guid":{"rendered":"https:\/\/test.wordpress.numerique-esr.fr\/test\/?page_id=319"},"modified":"2025-10-10T11:36:43","modified_gmt":"2025-10-10T11:36:43","slug":"acceuil-doc","status":"publish","type":"page","link":"https:\/\/test.wordpress.numerique-esr.fr\/test\/index.php\/acceuil-doc\/","title":{"rendered":"Acceuil-Doc"},"content":{"rendered":"\n<div style=\"text-align:center; margin-bottom:30px;\">\n  <img decoding=\"async\" src=\"\/test\/wp-content\/uploads\/2025\/10\/hero-banner_v4.png\" \n       alt=\"Banni\u00e8re BigBlueButton ESR\" \n       style=\"max-width:100%; height:auto; border-radius:12px;\">\n<\/div>\n\n<h1>L\u2019outil de classe virtuelle de l\u2019ESR<\/h1>\n\n<p>\nDans le cadre du <strong>Plan de relance<\/strong>, cette solution de classe virtuelle s\u2019appuie sur le logiciel libre et open source \n<strong>BigBlueButton (BBB)<\/strong>.  \nElle est d\u00e9ploy\u00e9e \u00e0 l\u2019\u00e9chelle nationale dans un <strong>cloud souverain<\/strong> op\u00e9r\u00e9 par la \n<strong>Direction du Num\u00e9rique \u00c9ducatif (DNE)<\/strong> \net plac\u00e9 sous la responsabilit\u00e9 de \n<a href=\"https:\/\/www.france-universite-numerique.fr\/\" target=\"_blank\" rel=\"noopener\">\n  France Universit\u00e9 Num\u00e9rique (FUN)\n<\/a>.\n<\/p>\n\n<p style=\"font-size:1.1em; text-align:center; margin-top:24px; font-weight:600;\">\n\ud83d\udca1 Suivez le guide pour <strong>cr\u00e9er<\/strong>, <strong>configurer<\/strong> et <strong>animer<\/strong> votre classe virtuelle&nbsp;!\n<\/p>\n","protected":false},"excerpt":{"rendered":"<p>L\u2019outil de classe virtuelle de l\u2019ESR Dans le cadre du Plan de relance, cette solution de classe virtuelle s\u2019appuie sur le logiciel libre et open source BigBlueButton (BBB). Elle est d\u00e9ploy\u00e9e \u00e0 l\u2019\u00e9chelle nationale dans un cloud souverain op\u00e9r\u00e9 par la Direction du Num\u00e9rique \u00c9ducatif (DNE) et plac\u00e9 sous la responsabilit\u00e9 de France Universit\u00e9 Num\u00e9rique (FUN) . \ud83d\udca1 Suivez le guide pour cr\u00e9er, configurer et animer votre classe virtuelle&nbsp;! [&#8230;]<\/p>\n<p><a class=\"btn btn-secondary understrap-read-more-link\" href=\"https:\/\/test.wordpress.numerique-esr.fr\/test\/index.php\/acceuil-doc\/\">Lire la suite\u2026<span class=\"screen-reader-text\"> from Acceuil-Doc<\/span><\/a><\/p>\n","protected":false},"author":1,"featured_media":0,"parent":0,"menu_order":0,"comment_status":"closed","ping_status":"closed","template":"page-documentation.php","meta":{"footnotes":""},"class_list":["post-319","page","type-page","status-publish","hentry"],"_links":{"self":[{"href":"https:\/\/test.wordpress.numerique-esr.fr\/test\/index.php\/wp-json\/wp\/v2\/pages\/319","targetHints":{"allow":["GET"]}}],"collection":[{"href":"https:\/\/test.wordpress.numerique-esr.fr\/test\/index.php\/wp-json\/wp\/v2\/pages"}],"about":[{"href":"https:\/\/test.wordpress.numerique-esr.fr\/test\/index.php\/wp-json\/wp\/v2\/types\/page"}],"author":[{"embeddable":true,"href":"https:\/\/test.wordpress.numerique-esr.fr\/test\/index.php\/wp-json\/wp\/v2\/users\/1"}],"replies":[{"embeddable":true,"href":"https:\/\/test.wordpress.numerique-esr.fr\/test\/index.php\/wp-json\/wp\/v2\/comments?post=319"}],"version-history":[{"count":4,"href":"https:\/\/test.wordpress.numerique-esr.fr\/test\/index.php\/wp-json\/wp\/v2\/pages\/319\/revisions"}],"predecessor-version":[{"id":378,"href":"https:\/\/test.wordpress.numerique-esr.fr\/test\/index.php\/wp-json\/wp\/v2\/pages\/319\/revisions\/378"}],"wp:attachment":[{"href":"https:\/\/test.wordpress.numerique-esr.fr\/test\/index.php\/wp-json\/wp\/v2\/media?parent=319"}],"curies":[{"name":"wp","href":"https:\/\/api.w.org\/{rel}","templated":true}]}}